{"id":62,"date":"2025-05-08T23:52:40","date_gmt":"2025-05-08T21:52:40","guid":{"rendered":"https:\/\/visual-thinking-company.com\/?page_id=62"},"modified":"2025-10-13T11:29:14","modified_gmt":"2025-10-13T09:29:14","slug":"equipo","status":"publish","type":"page","link":"https:\/\/visual-thinking-company.com\/en\/equipo\/","title":{"rendered":"Team"},"content":{"rendered":"<div data-elementor-type=\"wp-page\" data-elementor-id=\"62\" class=\"elementor elementor-62\" data-elementor-post-type=\"page\">\n\t\t\t\t<div class=\"elementor-element elementor-element-2dddd97 e-con-full e-flex e-con e-parent\" data-id=\"2dddd97\" data-element_type=\"container\" data-settings=\"{&quot;background_background&quot;:&quot;video&quot;,&quot;background_video_link&quot;:&quot;https:\\\/\\\/vimeo.com\\\/1107328850&quot;}\">\n\t\t<div class=\"elementor-background-video-container elementor-hidden-mobile\">\n\t\t\t\t\t\t\t<div class=\"elementor-background-video-embed\"><\/div>\n\t\t\t\t\t\t<\/div>\t\t<\/div>\n\t\t<div class=\"elementor-element elementor-element-5957e8e e-flex e-con-boxed e-con e-parent\" data-id=\"5957e8e\" data-element_type=\"container\">\n\t\t\t\t\t<div class=\"e-con-inner\">\n\t\t\t\t<div class=\"elementor-element elementor-element-b6bf284 elementor-widget elementor-widget-heading\" data-id=\"b6bf284\" data-element_type=\"widget\" data-widget_type=\"heading.default\">\n\t\t\t\t<div class=\"elementor-widget-container\">\n\t\t\t\t\t<h1 class=\"elementor-heading-title elementor-size-default\">Team<\/h1>\t\t\t\t<\/div>\n\t\t\t\t<\/div>\n\t\t\t\t<div class=\"elementor-element elementor-element-5214297 elementor-widget-divider--view-line elementor-widget elementor-widget-divider\" data-id=\"5214297\" data-element_type=\"widget\" data-widget_type=\"divider.default\">\n\t\t\t\t<div class=\"elementor-widget-container\">\n\t\t\t\t\t\t\t<div class=\"elementor-divider\">\n\t\t\t<span class=\"elementor-divider-separator\">\n\t\t\t\t\t\t<\/span>\n\t\t<\/div>\n\t\t\t\t\t\t<\/div>\n\t\t\t\t<\/div>\n\t\t\t\t<div class=\"elementor-element elementor-element-c56fde4 elementor-widget elementor-widget-heading\" data-id=\"c56fde4\" data-element_type=\"widget\" data-widget_type=\"heading.default\">\n\t\t\t\t<div class=\"elementor-widget-container\">\n\t\t\t\t\t<h2 class=\"elementor-heading-title elementor-size-default\">Meet all the members of our team.<\/h2>\t\t\t\t<\/div>\n\t\t\t\t<\/div>\n\t\t\t\t\t<\/div>\n\t\t\t\t<\/div>\n\t\t<div class=\"elementor-element elementor-element-35436dc e-flex e-con-boxed e-con e-parent\" data-id=\"35436dc\" data-element_type=\"container\">\n\t\t\t\t\t<div class=\"e-con-inner\">\n\t\t<div class=\"elementor-element elementor-element-4724b9d e-con-full e-flex e-con e-child\" data-id=\"4724b9d\" data-element_type=\"container\">\n\t\t\t\t<div class=\"elementor-element elementor-element-66f3a02 elementor-widget elementor-widget-image\" data-id=\"66f3a02\" data-element_type=\"widget\" data-widget_type=\"image.default\">\n\t\t\t\t<div class=\"elementor-widget-container\">\n\t\t\t\t\t\t\t\t\t\t\t\t\t\t\t\t<a href=\"https:\/\/www.linkedin.com\/in\/toni-arribas-hern%C3%A1ndez-7123b5105\/?originalSubdomain=es\">\n\t\t\t\t\t\t\t<img fetchpriority=\"high\" decoding=\"async\" width=\"593\" height=\"593\" src=\"https:\/\/visual-thinking-company.com\/wp-content\/uploads\/2025\/10\/equipo_1.jpg\" class=\"elementor-animation-shrink attachment-large size-large wp-image-1242\" alt=\"\" srcset=\"http:\/\/visual-thinking-company.com\/wp-content\/uploads\/2025\/10\/equipo_1.jpg 593w, http:\/\/visual-thinking-company.com\/wp-content\/uploads\/2025\/10\/equipo_1-300x300.jpg 300w, http:\/\/visual-thinking-company.com\/wp-content\/uploads\/2025\/10\/equipo_1-150x150.jpg 150w, http:\/\/visual-thinking-company.com\/wp-content\/uploads\/2025\/10\/equipo_1-12x12.jpg 12w\" sizes=\"(max-width: 593px) 100vw, 593px\" \/>\t\t\t\t\t\t\t\t<\/a>\n\t\t\t\t\t\t\t\t\t\t\t\t\t\t\t<\/div>\n\t\t\t\t<\/div>\n\t\t\t\t<div class=\"elementor-element elementor-element-5d59289 elementor-widget elementor-widget-heading\" data-id=\"5d59289\" data-element_type=\"widget\" data-widget_type=\"heading.default\">\n\t\t\t\t<div class=\"elementor-widget-container\">\n\t\t\t\t\t<h2 class=\"elementor-heading-title elementor-size-default\">Toni Arribas<\/h2>\t\t\t\t<\/div>\n\t\t\t\t<\/div>\n\t\t\t\t<div class=\"elementor-element elementor-element-db50fde elementor-widget elementor-widget-text-editor\" data-id=\"db50fde\" data-element_type=\"widget\" data-widget_type=\"text-editor.default\">\n\t\t\t\t<div class=\"elementor-widget-container\">\n\t\t\t\t\t\t\t\t\t<p>Creative Director<br \/>Graphic facilitator<br \/>Visual Thinker<br \/><!-- notionvc: e4ebcdfa-f502-4df9-93d4-1e5bf74b5836 --><\/p>\t\t\t\t\t\t\t\t<\/div>\n\t\t\t\t<\/div>\n\t\t\t\t<\/div>\n\t\t<div class=\"elementor-element elementor-element-8ab778c e-con-full e-flex e-con e-child\" data-id=\"8ab778c\" data-element_type=\"container\">\n\t\t\t\t<div class=\"elementor-element elementor-element-50263db elementor-widget elementor-widget-image\" data-id=\"50263db\" data-element_type=\"widget\" data-widget_type=\"image.default\">\n\t\t\t\t<div class=\"elementor-widget-container\">\n\t\t\t\t\t\t\t\t\t\t\t\t\t\t\t\t<a href=\"https:\/\/www.dotinspot.com\/\">\n\t\t\t\t\t\t\t<img decoding=\"async\" width=\"577\" height=\"577\" src=\"https:\/\/visual-thinking-company.com\/wp-content\/uploads\/2025\/10\/equipo_2.jpg\" class=\"elementor-animation-shrink attachment-large size-large wp-image-1243\" alt=\"\" srcset=\"http:\/\/visual-thinking-company.com\/wp-content\/uploads\/2025\/10\/equipo_2.jpg 577w, http:\/\/visual-thinking-company.com\/wp-content\/uploads\/2025\/10\/equipo_2-300x300.jpg 300w, http:\/\/visual-thinking-company.com\/wp-content\/uploads\/2025\/10\/equipo_2-150x150.jpg 150w, http:\/\/visual-thinking-company.com\/wp-content\/uploads\/2025\/10\/equipo_2-12x12.jpg 12w\" sizes=\"(max-width: 577px) 100vw, 577px\" \/>\t\t\t\t\t\t\t\t<\/a>\n\t\t\t\t\t\t\t\t\t\t\t\t\t\t\t<\/div>\n\t\t\t\t<\/div>\n\t\t\t\t<div class=\"elementor-element elementor-element-ea0abe6 elementor-widget elementor-widget-heading\" data-id=\"ea0abe6\" data-element_type=\"widget\" data-widget_type=\"heading.default\">\n\t\t\t\t<div class=\"elementor-widget-container\">\n\t\t\t\t\t<h2 class=\"elementor-heading-title elementor-size-default\">Marcin Chylinky<\/h2>\t\t\t\t<\/div>\n\t\t\t\t<\/div>\n\t\t\t\t<div class=\"elementor-element elementor-element-6b344fa elementor-widget elementor-widget-text-editor\" data-id=\"6b344fa\" data-element_type=\"widget\" data-widget_type=\"text-editor.default\">\n\t\t\t\t<div class=\"elementor-widget-container\">\n\t\t\t\t\t\t\t\t\t<p>Designer<br \/>Animator<br \/>Motion Graphics Expert<br \/><!-- notionvc: e4ebcdfa-f502-4df9-93d4-1e5bf74b5836 --><\/p>\t\t\t\t\t\t\t\t<\/div>\n\t\t\t\t<\/div>\n\t\t\t\t<\/div>\n\t\t<div class=\"elementor-element elementor-element-6b63cd0 e-con-full e-flex e-con e-child\" data-id=\"6b63cd0\" data-element_type=\"container\">\n\t\t\t\t<div class=\"elementor-element elementor-element-708e873 elementor-widget elementor-widget-image\" data-id=\"708e873\" data-element_type=\"widget\" data-widget_type=\"image.default\">\n\t\t\t\t<div class=\"elementor-widget-container\">\n\t\t\t\t\t\t\t\t\t\t\t\t\t\t\t\t<a href=\"https:\/\/pinchoycorto.blogspot.com\/\">\n\t\t\t\t\t\t\t<img decoding=\"async\" width=\"577\" height=\"577\" src=\"https:\/\/visual-thinking-company.com\/wp-content\/uploads\/2025\/10\/equipo_3.jpg\" class=\"elementor-animation-shrink attachment-large size-large wp-image-1244\" alt=\"\" srcset=\"http:\/\/visual-thinking-company.com\/wp-content\/uploads\/2025\/10\/equipo_3.jpg 577w, http:\/\/visual-thinking-company.com\/wp-content\/uploads\/2025\/10\/equipo_3-300x300.jpg 300w, http:\/\/visual-thinking-company.com\/wp-content\/uploads\/2025\/10\/equipo_3-150x150.jpg 150w, http:\/\/visual-thinking-company.com\/wp-content\/uploads\/2025\/10\/equipo_3-12x12.jpg 12w\" sizes=\"(max-width: 577px) 100vw, 577px\" \/>\t\t\t\t\t\t\t\t<\/a>\n\t\t\t\t\t\t\t\t\t\t\t\t\t\t\t<\/div>\n\t\t\t\t<\/div>\n\t\t\t\t<div class=\"elementor-element elementor-element-7e8828c elementor-widget elementor-widget-heading\" data-id=\"7e8828c\" data-element_type=\"widget\" data-widget_type=\"heading.default\">\n\t\t\t\t<div class=\"elementor-widget-container\">\n\t\t\t\t\t<h2 class=\"elementor-heading-title elementor-size-default\">Miguel Abell\u00e1n PINCHO<\/h2>\t\t\t\t<\/div>\n\t\t\t\t<\/div>\n\t\t\t\t<div class=\"elementor-element elementor-element-8a1b2b0 elementor-widget elementor-widget-text-editor\" data-id=\"8a1b2b0\" data-element_type=\"widget\" data-widget_type=\"text-editor.default\">\n\t\t\t\t<div class=\"elementor-widget-container\">\n\t\t\t\t\t\t\t\t\t<p>Illustrator<br \/>Creative<br \/>Muralist<br \/><!-- notionvc: e4ebcdfa-f502-4df9-93d4-1e5bf74b5836 --><\/p>\t\t\t\t\t\t\t\t<\/div>\n\t\t\t\t<\/div>\n\t\t\t\t<\/div>\n\t\t\t\t\t<\/div>\n\t\t\t\t<\/div>\n\t\t<div class=\"elementor-element elementor-element-042dfab e-flex e-con-boxed e-con e-parent\" data-id=\"042dfab\" data-element_type=\"container\">\n\t\t\t\t\t<div class=\"e-con-inner\">\n\t\t<div class=\"elementor-element elementor-element-0c1653b e-con-full e-flex e-con e-child\" data-id=\"0c1653b\" data-element_type=\"container\">\n\t\t\t\t<div class=\"elementor-element elementor-element-2aae5c4 elementor-widget elementor-widget-image\" data-id=\"2aae5c4\" data-element_type=\"widget\" data-widget_type=\"image.default\">\n\t\t\t\t<div class=\"elementor-widget-container\">\n\t\t\t\t\t\t\t\t\t\t\t\t\t\t\t\t<a href=\"mailto:info@visual-thinking-company.com\">\n\t\t\t\t\t\t\t<img loading=\"lazy\" decoding=\"async\" width=\"577\" height=\"577\" src=\"https:\/\/visual-thinking-company.com\/wp-content\/uploads\/2025\/10\/equipo_4.jpg\" class=\"elementor-animation-shrink attachment-large size-large wp-image-1245\" alt=\"\" srcset=\"http:\/\/visual-thinking-company.com\/wp-content\/uploads\/2025\/10\/equipo_4.jpg 577w, http:\/\/visual-thinking-company.com\/wp-content\/uploads\/2025\/10\/equipo_4-300x300.jpg 300w, http:\/\/visual-thinking-company.com\/wp-content\/uploads\/2025\/10\/equipo_4-150x150.jpg 150w, http:\/\/visual-thinking-company.com\/wp-content\/uploads\/2025\/10\/equipo_4-12x12.jpg 12w\" sizes=\"(max-width: 577px) 100vw, 577px\" \/>\t\t\t\t\t\t\t\t<\/a>\n\t\t\t\t\t\t\t\t\t\t\t\t\t\t\t<\/div>\n\t\t\t\t<\/div>\n\t\t\t\t<div class=\"elementor-element elementor-element-ceacd7d elementor-widget elementor-widget-heading\" data-id=\"ceacd7d\" data-element_type=\"widget\" data-widget_type=\"heading.default\">\n\t\t\t\t<div class=\"elementor-widget-container\">\n\t\t\t\t\t<h2 class=\"elementor-heading-title elementor-size-default\">Julia Gonzalez<\/h2>\t\t\t\t<\/div>\n\t\t\t\t<\/div>\n\t\t\t\t<div class=\"elementor-element elementor-element-a09db08 elementor-widget elementor-widget-text-editor\" data-id=\"a09db08\" data-element_type=\"widget\" data-widget_type=\"text-editor.default\">\n\t\t\t\t<div class=\"elementor-widget-container\">\n\t\t\t\t\t\t\t\t\t<p>Account Manager<br \/>Marketing Specialist<br \/><!-- notionvc: e4ebcdfa-f502-4df9-93d4-1e5bf74b5836 --><\/p>\t\t\t\t\t\t\t\t<\/div>\n\t\t\t\t<\/div>\n\t\t\t\t<\/div>\n\t\t<div class=\"elementor-element elementor-element-4d24be4 e-con-full e-flex e-con e-child\" data-id=\"4d24be4\" data-element_type=\"container\">\n\t\t\t\t<\/div>\n\t\t<div class=\"elementor-element elementor-element-e4cfa7a e-con-full e-flex e-con e-child\" data-id=\"e4cfa7a\" data-element_type=\"container\">\n\t\t\t\t<\/div>\n\t\t\t\t\t<\/div>\n\t\t\t\t<\/div>\n\t\t<div class=\"elementor-element elementor-element-223862b e-flex e-con-boxed e-con e-parent\" data-id=\"223862b\" data-element_type=\"container\">\n\t\t\t\t\t<div class=\"e-con-inner\">\n\t\t\t\t<div class=\"elementor-element elementor-element-5196a0c elementor-align-center elementor-widget elementor-widget-button\" data-id=\"5196a0c\" data-element_type=\"widget\" data-widget_type=\"button.default\">\n\t\t\t\t<div class=\"elementor-widget-container\">\n\t\t\t\t\t\t\t\t\t<div class=\"elementor-button-wrapper\">\n\t\t\t\t\t<a class=\"elementor-button elementor-button-link elementor-size-sm elementor-animation-grow\" href=\"https:\/\/visual-thinking-company.com\/en\/contacto\/\">\n\t\t\t\t\t\t<span class=\"elementor-button-content-wrapper\">\n\t\t\t\t\t\t\t\t\t<span class=\"elementor-button-text\">Contact us and ask your questions<\/span>\n\t\t\t\t\t<\/span>\n\t\t\t\t\t<\/a>\n\t\t\t\t<\/div>\n\t\t\t\t\t\t\t\t<\/div>\n\t\t\t\t<\/div>\n\t\t\t\t\t<\/div>\n\t\t\t\t<\/div>\n\t\t\t\t<\/div>","protected":false},"excerpt":{"rendered":"<p>Equipo Conoce a todos los integrantes de nuestro equipo. Toni Arribas Director creativoFacilitador gr\u00e1ficoPensador Visual Marcin Chylinky Dise\u00f1adorAnimadorExperto en Motion Graphics Miguel Abell\u00e1n PINCHO IlustradorCreativoMuralista Julia Gonzalez Gerente de cuentasEspecialista en Marketing Contacta y consultanos tus dudas<\/p>","protected":false},"author":3,"featured_media":0,"parent":0,"menu_order":0,"comment_status":"closed","ping_status":"closed","template":"","meta":{"_acf_changed":false,"footnotes":""},"class_list":["post-62","page","type-page","status-publish","hentry"],"acf":[],"yoast_head":"<!-- This site is optimized with the Yoast SEO plugin v25.0 - https:\/\/yoast.com\/wordpress\/plugins\/seo\/ -->\n<title>Equipo - Visual Thinking Company<\/title>\n<meta name=\"robots\" content=\"index, follow, max-snippet:-1, max-image-preview:large, max-video-preview:-1\" \/>\n<link rel=\"canonical\" href=\"https:\/\/visual-thinking-company.com\/en\/equipo\/\" \/>\n<meta property=\"og:locale\" content=\"en_GB\" \/>\n<meta property=\"og:type\" content=\"article\" \/>\n<meta property=\"og:title\" content=\"Equipo - Visual Thinking Company\" \/>\n<meta property=\"og:description\" content=\"Equipo Conoce a todos los integrantes de nuestro equipo. Toni Arribas Director creativoFacilitador gr\u00e1ficoPensador Visual Marcin Chylinky Dise\u00f1adorAnimadorExperto en Motion Graphics Miguel Abell\u00e1n PINCHO IlustradorCreativoMuralista Julia Gonzalez Gerente de cuentasEspecialista en Marketing Contacta y consultanos tus dudas\" \/>\n<meta property=\"og:url\" content=\"https:\/\/visual-thinking-company.com\/en\/equipo\/\" \/>\n<meta property=\"og:site_name\" content=\"Visual Thinking Company\" \/>\n<meta property=\"article:modified_time\" content=\"2025-10-13T09:29:14+00:00\" \/>\n<meta property=\"og:image\" content=\"http:\/\/visual-thinking-company.com\/wp-content\/uploads\/2025\/10\/equipo_1.jpg\" \/>\n<meta name=\"twitter:card\" content=\"summary_large_image\" \/>\n<meta name=\"twitter:label1\" content=\"Estimated reading time\" \/>\n\t<meta name=\"twitter:data1\" content=\"1 minute\" \/>\n<script type=\"application\/ld+json\" class=\"yoast-schema-graph\">{\"@context\":\"https:\/\/schema.org\",\"@graph\":[{\"@type\":\"WebPage\",\"@id\":\"https:\/\/visual-thinking-company.com\/equipo\/\",\"url\":\"https:\/\/visual-thinking-company.com\/equipo\/\",\"name\":\"Equipo - Visual Thinking Company\",\"isPartOf\":{\"@id\":\"https:\/\/visual-thinking-company.com\/#website\"},\"primaryImageOfPage\":{\"@id\":\"https:\/\/visual-thinking-company.com\/equipo\/#primaryimage\"},\"image\":{\"@id\":\"https:\/\/visual-thinking-company.com\/equipo\/#primaryimage\"},\"thumbnailUrl\":\"http:\/\/visual-thinking-company.com\/wp-content\/uploads\/2025\/10\/equipo_1.jpg\",\"datePublished\":\"2025-05-08T21:52:40+00:00\",\"dateModified\":\"2025-10-13T09:29:14+00:00\",\"breadcrumb\":{\"@id\":\"https:\/\/visual-thinking-company.com\/equipo\/#breadcrumb\"},\"inLanguage\":\"en-GB\",\"potentialAction\":[{\"@type\":\"ReadAction\",\"target\":[\"https:\/\/visual-thinking-company.com\/equipo\/\"]}]},{\"@type\":\"ImageObject\",\"inLanguage\":\"en-GB\",\"@id\":\"https:\/\/visual-thinking-company.com\/equipo\/#primaryimage\",\"url\":\"http:\/\/visual-thinking-company.com\/wp-content\/uploads\/2025\/10\/equipo_1.jpg\",\"contentUrl\":\"http:\/\/visual-thinking-company.com\/wp-content\/uploads\/2025\/10\/equipo_1.jpg\"},{\"@type\":\"BreadcrumbList\",\"@id\":\"https:\/\/visual-thinking-company.com\/equipo\/#breadcrumb\",\"itemListElement\":[{\"@type\":\"ListItem\",\"position\":1,\"name\":\"Portada\",\"item\":\"https:\/\/visual-thinking-company.com\/\"},{\"@type\":\"ListItem\",\"position\":2,\"name\":\"Equipo\"}]},{\"@type\":\"WebSite\",\"@id\":\"https:\/\/visual-thinking-company.com\/#website\",\"url\":\"https:\/\/visual-thinking-company.com\/\",\"name\":\"Visual Thinking Company\",\"description\":\"Visual Thinking | Scribing | Facilitaci\u00f3n Gr\u00e1fica\",\"publisher\":{\"@id\":\"https:\/\/visual-thinking-company.com\/#organization\"},\"potentialAction\":[{\"@type\":\"SearchAction\",\"target\":{\"@type\":\"EntryPoint\",\"urlTemplate\":\"https:\/\/visual-thinking-company.com\/?s={search_term_string}\"},\"query-input\":{\"@type\":\"PropertyValueSpecification\",\"valueRequired\":true,\"valueName\":\"search_term_string\"}}],\"inLanguage\":\"en-GB\"},{\"@type\":\"Organization\",\"@id\":\"https:\/\/visual-thinking-company.com\/#organization\",\"name\":\"Visual Thinking Company\",\"url\":\"https:\/\/visual-thinking-company.com\/\",\"logo\":{\"@type\":\"ImageObject\",\"inLanguage\":\"en-GB\",\"@id\":\"https:\/\/visual-thinking-company.com\/#\/schema\/logo\/image\/\",\"url\":\"https:\/\/visual-thinking-company.com\/wp-content\/uploads\/2025\/09\/VISUAL_60sec.gif\",\"contentUrl\":\"https:\/\/visual-thinking-company.com\/wp-content\/uploads\/2025\/09\/VISUAL_60sec.gif\",\"width\":1000,\"height\":400,\"caption\":\"Visual Thinking Company\"},\"image\":{\"@id\":\"https:\/\/visual-thinking-company.com\/#\/schema\/logo\/image\/\"}}]}<\/script>\n<!-- \/ Yoast SEO plugin. -->","yoast_head_json":{"title":"Equipo - Visual Thinking Company","robots":{"index":"index","follow":"follow","max-snippet":"max-snippet:-1","max-image-preview":"max-image-preview:large","max-video-preview":"max-video-preview:-1"},"canonical":"https:\/\/visual-thinking-company.com\/en\/equipo\/","og_locale":"en_GB","og_type":"article","og_title":"Equipo - Visual Thinking Company","og_description":"Equipo Conoce a todos los integrantes de nuestro equipo. Toni Arribas Director creativoFacilitador gr\u00e1ficoPensador Visual Marcin Chylinky Dise\u00f1adorAnimadorExperto en Motion Graphics Miguel Abell\u00e1n PINCHO IlustradorCreativoMuralista Julia Gonzalez Gerente de cuentasEspecialista en Marketing Contacta y consultanos tus dudas","og_url":"https:\/\/visual-thinking-company.com\/en\/equipo\/","og_site_name":"Visual Thinking Company","article_modified_time":"2025-10-13T09:29:14+00:00","og_image":[{"url":"http:\/\/visual-thinking-company.com\/wp-content\/uploads\/2025\/10\/equipo_1.jpg","type":"","width":"","height":""}],"twitter_card":"summary_large_image","twitter_misc":{"Estimated reading time":"1 minute"},"schema":{"@context":"https:\/\/schema.org","@graph":[{"@type":"WebPage","@id":"https:\/\/visual-thinking-company.com\/equipo\/","url":"https:\/\/visual-thinking-company.com\/equipo\/","name":"Equipo - Visual Thinking Company","isPartOf":{"@id":"https:\/\/visual-thinking-company.com\/#website"},"primaryImageOfPage":{"@id":"https:\/\/visual-thinking-company.com\/equipo\/#primaryimage"},"image":{"@id":"https:\/\/visual-thinking-company.com\/equipo\/#primaryimage"},"thumbnailUrl":"http:\/\/visual-thinking-company.com\/wp-content\/uploads\/2025\/10\/equipo_1.jpg","datePublished":"2025-05-08T21:52:40+00:00","dateModified":"2025-10-13T09:29:14+00:00","breadcrumb":{"@id":"https:\/\/visual-thinking-company.com\/equipo\/#breadcrumb"},"inLanguage":"en-GB","potentialAction":[{"@type":"ReadAction","target":["https:\/\/visual-thinking-company.com\/equipo\/"]}]},{"@type":"ImageObject","inLanguage":"en-GB","@id":"https:\/\/visual-thinking-company.com\/equipo\/#primaryimage","url":"http:\/\/visual-thinking-company.com\/wp-content\/uploads\/2025\/10\/equipo_1.jpg","contentUrl":"http:\/\/visual-thinking-company.com\/wp-content\/uploads\/2025\/10\/equipo_1.jpg"},{"@type":"BreadcrumbList","@id":"https:\/\/visual-thinking-company.com\/equipo\/#breadcrumb","itemListElement":[{"@type":"ListItem","position":1,"name":"Portada","item":"https:\/\/visual-thinking-company.com\/"},{"@type":"ListItem","position":2,"name":"Equipo"}]},{"@type":"WebSite","@id":"https:\/\/visual-thinking-company.com\/#website","url":"https:\/\/visual-thinking-company.com\/","name":"Visual Thinking Company","description":"Visual Thinking | Scribing | Facilitaci\u00f3n Gr\u00e1fica","publisher":{"@id":"https:\/\/visual-thinking-company.com\/#organization"},"potentialAction":[{"@type":"SearchAction","target":{"@type":"EntryPoint","urlTemplate":"https:\/\/visual-thinking-company.com\/?s={search_term_string}"},"query-input":{"@type":"PropertyValueSpecification","valueRequired":true,"valueName":"search_term_string"}}],"inLanguage":"en-GB"},{"@type":"Organization","@id":"https:\/\/visual-thinking-company.com\/#organization","name":"Visual Thinking Company","url":"https:\/\/visual-thinking-company.com\/","logo":{"@type":"ImageObject","inLanguage":"en-GB","@id":"https:\/\/visual-thinking-company.com\/#\/schema\/logo\/image\/","url":"https:\/\/visual-thinking-company.com\/wp-content\/uploads\/2025\/09\/VISUAL_60sec.gif","contentUrl":"https:\/\/visual-thinking-company.com\/wp-content\/uploads\/2025\/09\/VISUAL_60sec.gif","width":1000,"height":400,"caption":"Visual Thinking Company"},"image":{"@id":"https:\/\/visual-thinking-company.com\/#\/schema\/logo\/image\/"}}]}},"_links":{"self":[{"href":"https:\/\/visual-thinking-company.com\/en\/wp-json\/wp\/v2\/pages\/62","targetHints":{"allow":["GET"]}}],"collection":[{"href":"https:\/\/visual-thinking-company.com\/en\/wp-json\/wp\/v2\/pages"}],"about":[{"href":"https:\/\/visual-thinking-company.com\/en\/wp-json\/wp\/v2\/types\/page"}],"author":[{"embeddable":true,"href":"https:\/\/visual-thinking-company.com\/en\/wp-json\/wp\/v2\/users\/3"}],"replies":[{"embeddable":true,"href":"https:\/\/visual-thinking-company.com\/en\/wp-json\/wp\/v2\/comments?post=62"}],"version-history":[{"count":31,"href":"https:\/\/visual-thinking-company.com\/en\/wp-json\/wp\/v2\/pages\/62\/revisions"}],"predecessor-version":[{"id":1315,"href":"https:\/\/visual-thinking-company.com\/en\/wp-json\/wp\/v2\/pages\/62\/revisions\/1315"}],"wp:attachment":[{"href":"https:\/\/visual-thinking-company.com\/en\/wp-json\/wp\/v2\/media?parent=62"}],"curies":[{"name":"wp","href":"https:\/\/api.w.org\/{rel}","templated":true}]}}